{"id":38856,"date":"2017-12-22T09:54:22","date_gmt":"2017-12-22T08:54:22","guid":{"rendered":"https:\/\/www.coinpro.ch\/disclaimer\/"},"modified":"2025-07-30T10:36:21","modified_gmt":"2025-07-30T08:36:21","slug":"disclaimer","status":"publish","type":"page","link":"https:\/\/www.coinpro.ch\/en\/disclaimer\/","title":{"rendered":"Disclaimer"},"content":{"rendered":"<h1 class=\"uppercase\">Disclaimer<\/h1>\n<p>Der Autor \u00fcbernimmt keinerlei Gew\u00e4hr hinsichtlich der inhaltlichen Richtigkeit, Genauigkeit, Aktualit\u00e4t, Zuverl\u00e4ssigkeit und Vollst\u00e4ndigkeit der Informationen.<\/p>\n<p>Haftungsanspr\u00fcche gegen den Autor wegen Sch\u00e4den materieller oder immaterieller Art, welche aus dem Zugriff oder der Nutzung bzw. Nichtnutzung der ver\u00f6ffentlichten Informationen, durch Missbrauch der Verbindung oder durch technische St\u00f6rungen entstanden sind, werden ausgeschlossen.<\/p>\n<p>Alle Angebote sind unverbindlich. Der Autor beh\u00e4lt es sich ausdr\u00fccklich vor, Teile der Seiten oder das gesamte Angebot ohne gesonderte Ank\u00fcndigung zu ver\u00e4ndern, zu erg\u00e4nzen, zu l\u00f6schen oder die Ver\u00f6ffentlichung zeitweise oder endg\u00fcltig einzustellen. Die zur Verf\u00fcgung gestellten Inhalte Stellen keine Anlageberatung oder Anlagevermittlung dar. Ebenso sind die Analysen nicht als Aufforderung zum Handel zu verstehen sondern spiegeln nur die Meinung des Autors wieder. Alle Aussagen zu Kryptow\u00e4hrungen und deren eventuelle Kursentwicklung sind absolut unverbindlich. Im Falle dass Nutzer der Seite aufgrund der Vorstellung von Analysen Handel betreiben geschieht dies vollumf\u00e4nglich auf eigene Gefahr.     <\/p>\n<h2>Haftung f\u00fcr Links<\/h2>\n<p>Verweise und Links auf Webseiten Dritter liegen ausserhalb unseres Verantwortungsbereichs Es wird jegliche Verantwortung f\u00fcr solche Webseiten abgelehnt. Der Zugriff und die Nutzung solcher Webseiten erfolgen auf eigene Gefahr des Nutzers oder der Nutzerin. <\/p>\n","protected":false},"excerpt":{"rendered":"<p>Disclaimer Der Autor \u00fcbernimmt keinerlei Gew\u00e4hr hinsichtlich der inhaltlichen Richtigkeit, Genauigkeit, Aktualit\u00e4t, Zuverl\u00e4ssigkeit und Vollst\u00e4ndigkeit der Informationen. Haftungsanspr\u00fcche gegen den Autor wegen Sch\u00e4den materieller oder immaterieller Art, welche aus dem Zugriff oder der Nutzung bzw. Nichtnutzung der ver\u00f6ffentlichten Informationen, durch Missbrauch der Verbindung oder durch technische St\u00f6rungen entstanden sind, werden ausgeschlossen. Alle Angebote sind unverbindlich&#8230;.<\/p>\n","protected":false},"author":6,"featured_media":0,"parent":0,"menu_order":0,"comment_status":"closed","ping_status":"closed","template":"","meta":{"_acf_changed":false,"_lmt_disableupdate":"","_lmt_disable":"","footnotes":""},"class_list":["post-38856","page","type-page","status-publish","hentry"],"acf":[],"yoast_head":"<!-- This site is optimized with the Yoast SEO Premium plugin v27.5 (Yoast SEO v27.5) - https:\/\/yoast.com\/product\/yoast-seo-premium-wordpress\/ -->\n<title>Disclaimer - CoinPro.ch<\/title>\n<meta name=\"robots\" content=\"index, follow, max-snippet:-1, max-image-preview:large, max-video-preview:-1\" \/>\n<link rel=\"canonical\" href=\"https:\/\/www.coinpro.ch\/en\/disclaimer\/\" \/>\n<meta property=\"og:locale\" content=\"en_US\" \/>\n<meta property=\"og:type\" content=\"article\" \/>\n<meta property=\"og:title\" content=\"Disclaimer\" \/>\n<meta property=\"og:description\" content=\"Disclaimer Der Autor &uuml;bernimmt keinerlei Gew&auml;hr hinsichtlich der inhaltlichen Richtigkeit, Genauigkeit, Aktualit&auml;t, Zuverl&auml;ssigkeit und Vollst&auml;ndigkeit der Informationen. Haftungsanspr&uuml;che gegen den Autor wegen Sch&auml;den materieller oder immaterieller Art, welche aus dem Zugriff oder der Nutzung bzw. Nichtnutzung der ver&ouml;ffentlichten Informationen, durch Missbrauch der Verbindung oder durch technische St&ouml;rungen entstanden sind, werden ausgeschlossen. Alle Angebote sind unverbindlich....\" \/>\n<meta property=\"og:url\" content=\"https:\/\/www.coinpro.ch\/en\/disclaimer\/\" \/>\n<meta property=\"og:site_name\" content=\"CoinPro.ch\" \/>\n<meta property=\"article:publisher\" content=\"https:\/\/www.facebook.com\/coinpro.ch\/\" \/>\n<meta property=\"article:modified_time\" content=\"2025-07-30T08:36:21+00:00\" \/>\n<meta property=\"og:image\" content=\"https:\/\/www.coinpro.ch\/wp-content\/uploads\/2018\/05\/CoinPro-Facebook-Teaser.png\" \/>\n\t<meta property=\"og:image:width\" content=\"828\" \/>\n\t<meta property=\"og:image:height\" content=\"315\" \/>\n\t<meta property=\"og:image:type\" content=\"image\/png\" \/>\n<meta name=\"twitter:card\" content=\"summary_large_image\" \/>\n<meta name=\"twitter:site\" content=\"@CoinproCH\" \/>\n<meta name=\"twitter:label1\" content=\"Gesch\u00e4tzte Lesezeit\" \/>\n\t<meta name=\"twitter:data1\" content=\"1\u00a0Minute\" \/>\n<script type=\"application\/ld+json\" class=\"yoast-schema-graph\">{\"@context\":\"https:\\\/\\\/schema.org\",\"@graph\":[{\"@type\":\"WebPage\",\"@id\":\"https:\\\/\\\/www.coinpro.ch\\\/en\\\/disclaimer\\\/\",\"url\":\"https:\\\/\\\/www.coinpro.ch\\\/en\\\/disclaimer\\\/\",\"name\":\"Disclaimer - CoinPro.ch\",\"isPartOf\":{\"@id\":\"https:\\\/\\\/www.coinpro.ch\\\/en\\\/#website\"},\"datePublished\":\"2017-12-22T08:54:22+00:00\",\"dateModified\":\"2025-07-30T08:36:21+00:00\",\"breadcrumb\":{\"@id\":\"https:\\\/\\\/www.coinpro.ch\\\/en\\\/disclaimer\\\/#breadcrumb\"},\"inLanguage\":\"de\",\"potentialAction\":[{\"@type\":\"ReadAction\",\"target\":[\"https:\\\/\\\/www.coinpro.ch\\\/en\\\/disclaimer\\\/\"]}]},{\"@type\":\"BreadcrumbList\",\"@id\":\"https:\\\/\\\/www.coinpro.ch\\\/en\\\/disclaimer\\\/#breadcrumb\",\"itemListElement\":[{\"@type\":\"ListItem\",\"position\":1,\"name\":\"Startseite\",\"item\":\"https:\\\/\\\/www.coinpro.ch\\\/en\\\/\"},{\"@type\":\"ListItem\",\"position\":2,\"name\":\"Disclaimer\"}]},{\"@type\":\"WebSite\",\"@id\":\"https:\\\/\\\/www.coinpro.ch\\\/en\\\/#website\",\"url\":\"https:\\\/\\\/www.coinpro.ch\\\/en\\\/\",\"name\":\"CoinPro.ch\",\"description\":\"News, knowledge and background information about Bitcoin, blockchain\",\"publisher\":{\"@id\":\"https:\\\/\\\/www.coinpro.ch\\\/en\\\/#organization\"},\"potentialAction\":[{\"@type\":\"SearchAction\",\"target\":{\"@type\":\"EntryPoint\",\"urlTemplate\":\"https:\\\/\\\/www.coinpro.ch\\\/en\\\/?s={search_term_string}\"},\"query-input\":{\"@type\":\"PropertyValueSpecification\",\"valueRequired\":true,\"valueName\":\"search_term_string\"}}],\"inLanguage\":\"de\"},{\"@type\":\"Organization\",\"@id\":\"https:\\\/\\\/www.coinpro.ch\\\/en\\\/#organization\",\"name\":\"Cyriax digital\",\"url\":\"https:\\\/\\\/www.coinpro.ch\\\/en\\\/\",\"logo\":{\"@type\":\"ImageObject\",\"inLanguage\":\"de\",\"@id\":\"https:\\\/\\\/www.coinpro.ch\\\/en\\\/#\\\/schema\\\/logo\\\/image\\\/\",\"url\":\"https:\\\/\\\/www.coinpro.ch\\\/wp-content\\\/uploads\\\/2019\\\/05\\\/profile-logo-original.jpg\",\"contentUrl\":\"https:\\\/\\\/www.coinpro.ch\\\/wp-content\\\/uploads\\\/2019\\\/05\\\/profile-logo-original.jpg\",\"width\":900,\"height\":900,\"caption\":\"Cyriax digital\"},\"image\":{\"@id\":\"https:\\\/\\\/www.coinpro.ch\\\/en\\\/#\\\/schema\\\/logo\\\/image\\\/\"},\"sameAs\":[\"https:\\\/\\\/www.facebook.com\\\/coinpro.ch\\\/\",\"https:\\\/\\\/x.com\\\/CoinproCH\",\"https:\\\/\\\/www.instagram.com\\\/coinpro.ch\\\/\",\"https:\\\/\\\/www.linkedin.com\\\/company\\\/coinpro-ch\",\"https:\\\/\\\/www.pinterest.ch\\\/coinproch\\\/\"]}]}<\/script>\n<!-- \/ Yoast SEO Premium plugin. -->","yoast_head_json":{"title":"Disclaimer - CoinPro.ch","robots":{"index":"index","follow":"follow","max-snippet":"max-snippet:-1","max-image-preview":"max-image-preview:large","max-video-preview":"max-video-preview:-1"},"canonical":"https:\/\/www.coinpro.ch\/en\/disclaimer\/","og_locale":"en_US","og_type":"article","og_title":"Disclaimer","og_description":"Disclaimer Der Autor &uuml;bernimmt keinerlei Gew&auml;hr hinsichtlich der inhaltlichen Richtigkeit, Genauigkeit, Aktualit&auml;t, Zuverl&auml;ssigkeit und Vollst&auml;ndigkeit der Informationen. Haftungsanspr&uuml;che gegen den Autor wegen Sch&auml;den materieller oder immaterieller Art, welche aus dem Zugriff oder der Nutzung bzw. Nichtnutzung der ver&ouml;ffentlichten Informationen, durch Missbrauch der Verbindung oder durch technische St&ouml;rungen entstanden sind, werden ausgeschlossen. Alle Angebote sind unverbindlich....","og_url":"https:\/\/www.coinpro.ch\/en\/disclaimer\/","og_site_name":"CoinPro.ch","article_publisher":"https:\/\/www.facebook.com\/coinpro.ch\/","article_modified_time":"2025-07-30T08:36:21+00:00","og_image":[{"width":828,"height":315,"url":"https:\/\/www.coinpro.ch\/wp-content\/uploads\/2018\/05\/CoinPro-Facebook-Teaser.png","type":"image\/png"}],"twitter_card":"summary_large_image","twitter_site":"@CoinproCH","twitter_misc":{"Gesch\u00e4tzte Lesezeit":"1\u00a0Minute"},"schema":{"@context":"https:\/\/schema.org","@graph":[{"@type":"WebPage","@id":"https:\/\/www.coinpro.ch\/en\/disclaimer\/","url":"https:\/\/www.coinpro.ch\/en\/disclaimer\/","name":"Disclaimer - CoinPro.ch","isPartOf":{"@id":"https:\/\/www.coinpro.ch\/en\/#website"},"datePublished":"2017-12-22T08:54:22+00:00","dateModified":"2025-07-30T08:36:21+00:00","breadcrumb":{"@id":"https:\/\/www.coinpro.ch\/en\/disclaimer\/#breadcrumb"},"inLanguage":"de","potentialAction":[{"@type":"ReadAction","target":["https:\/\/www.coinpro.ch\/en\/disclaimer\/"]}]},{"@type":"BreadcrumbList","@id":"https:\/\/www.coinpro.ch\/en\/disclaimer\/#breadcrumb","itemListElement":[{"@type":"ListItem","position":1,"name":"Startseite","item":"https:\/\/www.coinpro.ch\/en\/"},{"@type":"ListItem","position":2,"name":"Disclaimer"}]},{"@type":"WebSite","@id":"https:\/\/www.coinpro.ch\/en\/#website","url":"https:\/\/www.coinpro.ch\/en\/","name":"CoinPro.ch","description":"News, knowledge and background information about Bitcoin, blockchain","publisher":{"@id":"https:\/\/www.coinpro.ch\/en\/#organization"},"potentialAction":[{"@type":"SearchAction","target":{"@type":"EntryPoint","urlTemplate":"https:\/\/www.coinpro.ch\/en\/?s={search_term_string}"},"query-input":{"@type":"PropertyValueSpecification","valueRequired":true,"valueName":"search_term_string"}}],"inLanguage":"de"},{"@type":"Organization","@id":"https:\/\/www.coinpro.ch\/en\/#organization","name":"Cyriax digital","url":"https:\/\/www.coinpro.ch\/en\/","logo":{"@type":"ImageObject","inLanguage":"de","@id":"https:\/\/www.coinpro.ch\/en\/#\/schema\/logo\/image\/","url":"https:\/\/www.coinpro.ch\/wp-content\/uploads\/2019\/05\/profile-logo-original.jpg","contentUrl":"https:\/\/www.coinpro.ch\/wp-content\/uploads\/2019\/05\/profile-logo-original.jpg","width":900,"height":900,"caption":"Cyriax digital"},"image":{"@id":"https:\/\/www.coinpro.ch\/en\/#\/schema\/logo\/image\/"},"sameAs":["https:\/\/www.facebook.com\/coinpro.ch\/","https:\/\/x.com\/CoinproCH","https:\/\/www.instagram.com\/coinpro.ch\/","https:\/\/www.linkedin.com\/company\/coinpro-ch","https:\/\/www.pinterest.ch\/coinproch\/"]}]}},"_links":{"self":[{"href":"https:\/\/www.coinpro.ch\/en\/wp-json\/wp\/v2\/pages\/38856","targetHints":{"allow":["GET"]}}],"collection":[{"href":"https:\/\/www.coinpro.ch\/en\/wp-json\/wp\/v2\/pages"}],"about":[{"href":"https:\/\/www.coinpro.ch\/en\/wp-json\/wp\/v2\/types\/page"}],"author":[{"embeddable":true,"href":"https:\/\/www.coinpro.ch\/en\/wp-json\/wp\/v2\/users\/6"}],"replies":[{"embeddable":true,"href":"https:\/\/www.coinpro.ch\/en\/wp-json\/wp\/v2\/comments?post=38856"}],"version-history":[{"count":1,"href":"https:\/\/www.coinpro.ch\/en\/wp-json\/wp\/v2\/pages\/38856\/revisions"}],"predecessor-version":[{"id":38922,"href":"https:\/\/www.coinpro.ch\/en\/wp-json\/wp\/v2\/pages\/38856\/revisions\/38922"}],"wp:attachment":[{"href":"https:\/\/www.coinpro.ch\/en\/wp-json\/wp\/v2\/media?parent=38856"}],"curies":[{"name":"wp","href":"https:\/\/api.w.org\/{rel}","templated":true}]}}